{"id":403,"date":"2022-05-03T14:13:15","date_gmt":"2022-05-03T12:13:15","guid":{"rendered":"https:\/\/txdflwd.cluster031.hosting.ovh.net\/?post_type=product&#038;p=403"},"modified":"2022-10-13T09:43:20","modified_gmt":"2022-10-13T07:43:20","slug":"jambonnet-de-canard-sale","status":"publish","type":"product","link":"https:\/\/foiegrasbordas.fr\/index.php\/produit\/jambonnet-de-canard-sale\/","title":{"rendered":"Jambonnet de Canard sal\u00e9, s\u00e9ch\u00e9, au piment d&rsquo;Espelette"},"content":{"rendered":"<p>A l&rsquo;ap\u00e9ritif ou en salade, se marie \u00e0 merveille avec le foie gras.<\/p>\n","protected":false},"excerpt":{"rendered":"<p>A l&rsquo;ap\u00e9ritif ou en salade, se marie \u00e0 merveille avec le foie gras.<\/p>\n","protected":false},"featured_media":769,"comment_status":"open","ping_status":"closed","template":"","meta":[],"product_cat":[30],"product_tag":[],"class_list":{"0":"post-403","1":"product","2":"type-product","3":"status-publish","4":"has-post-thumbnail","6":"product_cat-specialites-perigourdine","8":"first","9":"instock","10":"taxable","11":"shipping-taxable","12":"purchasable","13":"product-type-simple"},"yoast_head":"<!-- This site is optimized with the Yoast SEO plugin v23.9 - https:\/\/yoast.com\/wordpress\/plugins\/seo\/ -->\n<title>Jambonnet de Canard sal\u00e9 - Maison Bordas<\/title>\n<meta name=\"description\" content=\"Retrouvez le Jambonnet de Canard sal\u00e9, s\u00e9ch\u00e9, au piment d&#039;Espelette : produit du terroir. En boucherie ou en vente en ligne.\" \/>\n<meta name=\"robots\" content=\"index, follow, max-snippet:-1, max-image-preview:large, max-video-preview:-1\" \/>\n<link rel=\"canonical\" href=\"https:\/\/foiegrasbordas.fr\/index.php\/produit\/jambonnet-de-canard-sale\/\" \/>\n<meta property=\"og:locale\" content=\"fr_FR\" \/>\n<meta property=\"og:type\" content=\"article\" \/>\n<meta property=\"og:title\" content=\"Jambonnet de Canard sal\u00e9 - Maison Bordas\" \/>\n<meta property=\"og:description\" content=\"Retrouvez le Jambonnet de Canard sal\u00e9, s\u00e9ch\u00e9, au piment d&#039;Espelette : produit du terroir. En boucherie ou en vente en ligne.\" \/>\n<meta property=\"og:url\" content=\"https:\/\/foiegrasbordas.fr\/index.php\/produit\/jambonnet-de-canard-sale\/\" \/>\n<meta property=\"og:site_name\" content=\"Maison Bordas\" \/>\n<meta property=\"article:modified_time\" content=\"2022-10-13T07:43:20+00:00\" \/>\n<meta property=\"og:image\" content=\"https:\/\/foiegrasbordas.fr\/wp-content\/uploads\/2022\/05\/jambonnetproduct_mbordas.png\" \/>\n\t<meta property=\"og:image:width\" content=\"424\" \/>\n\t<meta property=\"og:image:height\" content=\"259\" \/>\n\t<meta property=\"og:image:type\" content=\"image\/png\" \/>\n<meta name=\"twitter:card\" content=\"summary_large_image\" \/>\n<meta name=\"twitter:label1\" content=\"Dur\u00e9e de lecture estim\u00e9e\" \/>\n\t<meta name=\"twitter:data1\" content=\"1 minute\" \/>\n<script type=\"application\/ld+json\" class=\"yoast-schema-graph\">{\"@context\":\"https:\/\/schema.org\",\"@graph\":[{\"@type\":\"WebPage\",\"@id\":\"https:\/\/foiegrasbordas.fr\/index.php\/produit\/jambonnet-de-canard-sale\/\",\"url\":\"https:\/\/foiegrasbordas.fr\/index.php\/produit\/jambonnet-de-canard-sale\/\",\"name\":\"Jambonnet de Canard sal\u00e9 - Maison Bordas\",\"isPartOf\":{\"@id\":\"https:\/\/foiegrasbordas.fr\/#website\"},\"primaryImageOfPage\":{\"@id\":\"https:\/\/foiegrasbordas.fr\/index.php\/produit\/jambonnet-de-canard-sale\/#primaryimage\"},\"image\":{\"@id\":\"https:\/\/foiegrasbordas.fr\/index.php\/produit\/jambonnet-de-canard-sale\/#primaryimage\"},\"thumbnailUrl\":\"https:\/\/foiegrasbordas.fr\/wp-content\/uploads\/2022\/05\/jambonnetproduct_mbordas.png\",\"datePublished\":\"2022-05-03T12:13:15+00:00\",\"dateModified\":\"2022-10-13T07:43:20+00:00\",\"description\":\"Retrouvez le Jambonnet de Canard sal\u00e9, s\u00e9ch\u00e9, au piment d'Espelette : produit du terroir. En boucherie ou en vente en ligne.\",\"breadcrumb\":{\"@id\":\"https:\/\/foiegrasbordas.fr\/index.php\/produit\/jambonnet-de-canard-sale\/#breadcrumb\"},\"inLanguage\":\"fr-FR\",\"potentialAction\":[{\"@type\":\"ReadAction\",\"target\":[\"https:\/\/foiegrasbordas.fr\/index.php\/produit\/jambonnet-de-canard-sale\/\"]}]},{\"@type\":\"ImageObject\",\"inLanguage\":\"fr-FR\",\"@id\":\"https:\/\/foiegrasbordas.fr\/index.php\/produit\/jambonnet-de-canard-sale\/#primaryimage\",\"url\":\"https:\/\/foiegrasbordas.fr\/wp-content\/uploads\/2022\/05\/jambonnetproduct_mbordas.png\",\"contentUrl\":\"https:\/\/foiegrasbordas.fr\/wp-content\/uploads\/2022\/05\/jambonnetproduct_mbordas.png\",\"width\":424,\"height\":259,\"caption\":\"Photo Jambonnet\"},{\"@type\":\"BreadcrumbList\",\"@id\":\"https:\/\/foiegrasbordas.fr\/index.php\/produit\/jambonnet-de-canard-sale\/#breadcrumb\",\"itemListElement\":[{\"@type\":\"ListItem\",\"position\":1,\"name\":\"Accueil\",\"item\":\"https:\/\/foiegrasbordas.fr\/\"},{\"@type\":\"ListItem\",\"position\":2,\"name\":\"Boutique\",\"item\":\"https:\/\/foiegrasbordas.fr\/index.php\/boutique-produits-du-terroir\/\"},{\"@type\":\"ListItem\",\"position\":3,\"name\":\"Jambonnet de Canard sal\u00e9, s\u00e9ch\u00e9, au piment d&#8217;Espelette\"}]},{\"@type\":\"WebSite\",\"@id\":\"https:\/\/foiegrasbordas.fr\/#website\",\"url\":\"https:\/\/foiegrasbordas.fr\/\",\"name\":\"Maison Bordas\",\"description\":\"\",\"potentialAction\":[{\"@type\":\"SearchAction\",\"target\":{\"@type\":\"EntryPoint\",\"urlTemplate\":\"https:\/\/foiegrasbordas.fr\/?s={search_term_string}\"},\"query-input\":{\"@type\":\"PropertyValueSpecification\",\"valueRequired\":true,\"valueName\":\"search_term_string\"}}],\"inLanguage\":\"fr-FR\"}]}<\/script>\n<!-- \/ Yoast SEO plugin. -->","yoast_head_json":{"title":"Jambonnet de Canard sal\u00e9 - Maison Bordas","description":"Retrouvez le Jambonnet de Canard sal\u00e9, s\u00e9ch\u00e9, au piment d'Espelette : produit du terroir. En boucherie ou en vente en ligne.","robots":{"index":"index","follow":"follow","max-snippet":"max-snippet:-1","max-image-preview":"max-image-preview:large","max-video-preview":"max-video-preview:-1"},"canonical":"https:\/\/foiegrasbordas.fr\/index.php\/produit\/jambonnet-de-canard-sale\/","og_locale":"fr_FR","og_type":"article","og_title":"Jambonnet de Canard sal\u00e9 - Maison Bordas","og_description":"Retrouvez le Jambonnet de Canard sal\u00e9, s\u00e9ch\u00e9, au piment d'Espelette : produit du terroir. En boucherie ou en vente en ligne.","og_url":"https:\/\/foiegrasbordas.fr\/index.php\/produit\/jambonnet-de-canard-sale\/","og_site_name":"Maison Bordas","article_modified_time":"2022-10-13T07:43:20+00:00","og_image":[{"width":424,"height":259,"url":"https:\/\/foiegrasbordas.fr\/wp-content\/uploads\/2022\/05\/jambonnetproduct_mbordas.png","type":"image\/png"}],"twitter_card":"summary_large_image","twitter_misc":{"Dur\u00e9e de lecture estim\u00e9e":"1 minute"},"schema":{"@context":"https:\/\/schema.org","@graph":[{"@type":"WebPage","@id":"https:\/\/foiegrasbordas.fr\/index.php\/produit\/jambonnet-de-canard-sale\/","url":"https:\/\/foiegrasbordas.fr\/index.php\/produit\/jambonnet-de-canard-sale\/","name":"Jambonnet de Canard sal\u00e9 - Maison Bordas","isPartOf":{"@id":"https:\/\/foiegrasbordas.fr\/#website"},"primaryImageOfPage":{"@id":"https:\/\/foiegrasbordas.fr\/index.php\/produit\/jambonnet-de-canard-sale\/#primaryimage"},"image":{"@id":"https:\/\/foiegrasbordas.fr\/index.php\/produit\/jambonnet-de-canard-sale\/#primaryimage"},"thumbnailUrl":"https:\/\/foiegrasbordas.fr\/wp-content\/uploads\/2022\/05\/jambonnetproduct_mbordas.png","datePublished":"2022-05-03T12:13:15+00:00","dateModified":"2022-10-13T07:43:20+00:00","description":"Retrouvez le Jambonnet de Canard sal\u00e9, s\u00e9ch\u00e9, au piment d'Espelette : produit du terroir. En boucherie ou en vente en ligne.","breadcrumb":{"@id":"https:\/\/foiegrasbordas.fr\/index.php\/produit\/jambonnet-de-canard-sale\/#breadcrumb"},"inLanguage":"fr-FR","potentialAction":[{"@type":"ReadAction","target":["https:\/\/foiegrasbordas.fr\/index.php\/produit\/jambonnet-de-canard-sale\/"]}]},{"@type":"ImageObject","inLanguage":"fr-FR","@id":"https:\/\/foiegrasbordas.fr\/index.php\/produit\/jambonnet-de-canard-sale\/#primaryimage","url":"https:\/\/foiegrasbordas.fr\/wp-content\/uploads\/2022\/05\/jambonnetproduct_mbordas.png","contentUrl":"https:\/\/foiegrasbordas.fr\/wp-content\/uploads\/2022\/05\/jambonnetproduct_mbordas.png","width":424,"height":259,"caption":"Photo Jambonnet"},{"@type":"BreadcrumbList","@id":"https:\/\/foiegrasbordas.fr\/index.php\/produit\/jambonnet-de-canard-sale\/#breadcrumb","itemListElement":[{"@type":"ListItem","position":1,"name":"Accueil","item":"https:\/\/foiegrasbordas.fr\/"},{"@type":"ListItem","position":2,"name":"Boutique","item":"https:\/\/foiegrasbordas.fr\/index.php\/boutique-produits-du-terroir\/"},{"@type":"ListItem","position":3,"name":"Jambonnet de Canard sal\u00e9, s\u00e9ch\u00e9, au piment d&#8217;Espelette"}]},{"@type":"WebSite","@id":"https:\/\/foiegrasbordas.fr\/#website","url":"https:\/\/foiegrasbordas.fr\/","name":"Maison Bordas","description":"","potentialAction":[{"@type":"SearchAction","target":{"@type":"EntryPoint","urlTemplate":"https:\/\/foiegrasbordas.fr\/?s={search_term_string}"},"query-input":{"@type":"PropertyValueSpecification","valueRequired":true,"valueName":"search_term_string"}}],"inLanguage":"fr-FR"}]}},"jetpack_sharing_enabled":true,"_links":{"self":[{"href":"https:\/\/foiegrasbordas.fr\/index.php\/wp-json\/wp\/v2\/product\/403","targetHints":{"allow":["GET"]}}],"collection":[{"href":"https:\/\/foiegrasbordas.fr\/index.php\/wp-json\/wp\/v2\/product"}],"about":[{"href":"https:\/\/foiegrasbordas.fr\/index.php\/wp-json\/wp\/v2\/types\/product"}],"replies":[{"embeddable":true,"href":"https:\/\/foiegrasbordas.fr\/index.php\/wp-json\/wp\/v2\/comments?post=403"}],"version-history":[{"count":1,"href":"https:\/\/foiegrasbordas.fr\/index.php\/wp-json\/wp\/v2\/product\/403\/revisions"}],"predecessor-version":[{"id":404,"href":"https:\/\/foiegrasbordas.fr\/index.php\/wp-json\/wp\/v2\/product\/403\/revisions\/404"}],"wp:featuredmedia":[{"embeddable":true,"href":"https:\/\/foiegrasbordas.fr\/index.php\/wp-json\/wp\/v2\/media\/769"}],"wp:attachment":[{"href":"https:\/\/foiegrasbordas.fr\/index.php\/wp-json\/wp\/v2\/media?parent=403"}],"wp:term":[{"taxonomy":"product_cat","embeddable":true,"href":"https:\/\/foiegrasbordas.fr\/index.php\/wp-json\/wp\/v2\/product_cat?post=403"},{"taxonomy":"product_tag","embeddable":true,"href":"https:\/\/foiegrasbordas.fr\/index.php\/wp-json\/wp\/v2\/product_tag?post=403"}],"curies":[{"name":"wp","href":"https:\/\/api.w.org\/{rel}","templated":true}]}}