{"id":420,"date":"2022-05-03T14:30:27","date_gmt":"2022-05-03T12:30:27","guid":{"rendered":"https:\/\/txdflwd.cluster031.hosting.ovh.net\/?post_type=product&#038;p=420"},"modified":"2025-11-05T10:37:32","modified_gmt":"2025-11-05T09:37:32","slug":"truffes-brossees-1er-choix","status":"publish","type":"product","link":"https:\/\/foiegrasbordas.fr\/index.php\/produit\/truffes-brossees-1er-choix\/","title":{"rendered":"Truffes bross\u00e9es 1er choix"},"content":{"rendered":"<p>Truffes bross\u00e9es 1er choix<\/p>\n","protected":false},"excerpt":{"rendered":"<p>Truffes bross\u00e9es 1er choix<\/p>\n","protected":false},"featured_media":683,"comment_status":"open","ping_status":"closed","template":"","meta":[],"product_cat":[31],"product_tag":[],"class_list":{"0":"post-420","1":"product","2":"type-product","3":"status-publish","4":"has-post-thumbnail","6":"product_cat-tresors-perigourdins","8":"first","9":"instock","10":"taxable","11":"shipping-taxable","12":"purchasable","13":"product-type-simple"},"yoast_head":"<!-- This site is optimized with the Yoast SEO plugin v23.9 - https:\/\/yoast.com\/wordpress\/plugins\/seo\/ -->\n<title>Truffes bross\u00e9es 1er choix - Maison Bordas<\/title>\n<meta name=\"description\" content=\"Retrouvez nos Truffes bross\u00e9es 1er choix : produit du terroir et sp\u00e9cialit\u00e9 de la Maison Bordas, Disponible en boucherie ou en vente en ligne.\" \/>\n<meta name=\"robots\" content=\"index, follow, max-snippet:-1, max-image-preview:large, max-video-preview:-1\" \/>\n<link rel=\"canonical\" href=\"https:\/\/foiegrasbordas.fr\/index.php\/produit\/truffes-brossees-1er-choix\/\" \/>\n<meta property=\"og:locale\" content=\"fr_FR\" \/>\n<meta property=\"og:type\" content=\"article\" \/>\n<meta property=\"og:title\" content=\"Truffes bross\u00e9es 1er choix - Maison Bordas\" \/>\n<meta property=\"og:description\" content=\"Retrouvez nos Truffes bross\u00e9es 1er choix : produit du terroir et sp\u00e9cialit\u00e9 de la Maison Bordas, Disponible en boucherie ou en vente en ligne.\" \/>\n<meta property=\"og:url\" content=\"https:\/\/foiegrasbordas.fr\/index.php\/produit\/truffes-brossees-1er-choix\/\" \/>\n<meta property=\"og:site_name\" content=\"Maison Bordas\" \/>\n<meta property=\"article:modified_time\" content=\"2025-11-05T09:37:32+00:00\" \/>\n<meta property=\"og:image\" content=\"https:\/\/foiegrasbordas.fr\/wp-content\/uploads\/2022\/05\/product_truffebrosse.png\" \/>\n\t<meta property=\"og:image:width\" content=\"424\" \/>\n\t<meta property=\"og:image:height\" content=\"259\" \/>\n\t<meta property=\"og:image:type\" content=\"image\/png\" \/>\n<meta name=\"twitter:card\" content=\"summary_large_image\" \/>\n<meta name=\"twitter:label1\" content=\"Dur\u00e9e de lecture estim\u00e9e\" \/>\n\t<meta name=\"twitter:data1\" content=\"1 minute\" \/>\n<script type=\"application\/ld+json\" class=\"yoast-schema-graph\">{\"@context\":\"https:\/\/schema.org\",\"@graph\":[{\"@type\":\"WebPage\",\"@id\":\"https:\/\/foiegrasbordas.fr\/index.php\/produit\/truffes-brossees-1er-choix\/\",\"url\":\"https:\/\/foiegrasbordas.fr\/index.php\/produit\/truffes-brossees-1er-choix\/\",\"name\":\"Truffes bross\u00e9es 1er choix - Maison Bordas\",\"isPartOf\":{\"@id\":\"https:\/\/foiegrasbordas.fr\/#website\"},\"primaryImageOfPage\":{\"@id\":\"https:\/\/foiegrasbordas.fr\/index.php\/produit\/truffes-brossees-1er-choix\/#primaryimage\"},\"image\":{\"@id\":\"https:\/\/foiegrasbordas.fr\/index.php\/produit\/truffes-brossees-1er-choix\/#primaryimage\"},\"thumbnailUrl\":\"https:\/\/foiegrasbordas.fr\/wp-content\/uploads\/2022\/05\/product_truffebrosse.png\",\"datePublished\":\"2022-05-03T12:30:27+00:00\",\"dateModified\":\"2025-11-05T09:37:32+00:00\",\"description\":\"Retrouvez nos Truffes bross\u00e9es 1er choix : produit du terroir et sp\u00e9cialit\u00e9 de la Maison Bordas, Disponible en boucherie ou en vente en ligne.\",\"breadcrumb\":{\"@id\":\"https:\/\/foiegrasbordas.fr\/index.php\/produit\/truffes-brossees-1er-choix\/#breadcrumb\"},\"inLanguage\":\"fr-FR\",\"potentialAction\":[{\"@type\":\"ReadAction\",\"target\":[\"https:\/\/foiegrasbordas.fr\/index.php\/produit\/truffes-brossees-1er-choix\/\"]}]},{\"@type\":\"ImageObject\",\"inLanguage\":\"fr-FR\",\"@id\":\"https:\/\/foiegrasbordas.fr\/index.php\/produit\/truffes-brossees-1er-choix\/#primaryimage\",\"url\":\"https:\/\/foiegrasbordas.fr\/wp-content\/uploads\/2022\/05\/product_truffebrosse.png\",\"contentUrl\":\"https:\/\/foiegrasbordas.fr\/wp-content\/uploads\/2022\/05\/product_truffebrosse.png\",\"width\":424,\"height\":259,\"caption\":\"Photo Truffes Bross\u00e9es\"},{\"@type\":\"BreadcrumbList\",\"@id\":\"https:\/\/foiegrasbordas.fr\/index.php\/produit\/truffes-brossees-1er-choix\/#breadcrumb\",\"itemListElement\":[{\"@type\":\"ListItem\",\"position\":1,\"name\":\"Accueil\",\"item\":\"https:\/\/foiegrasbordas.fr\/\"},{\"@type\":\"ListItem\",\"position\":2,\"name\":\"Boutique\",\"item\":\"https:\/\/foiegrasbordas.fr\/index.php\/boutique-produits-du-terroir\/\"},{\"@type\":\"ListItem\",\"position\":3,\"name\":\"Truffes bross\u00e9es 1er choix\"}]},{\"@type\":\"WebSite\",\"@id\":\"https:\/\/foiegrasbordas.fr\/#website\",\"url\":\"https:\/\/foiegrasbordas.fr\/\",\"name\":\"Maison Bordas\",\"description\":\"\",\"potentialAction\":[{\"@type\":\"SearchAction\",\"target\":{\"@type\":\"EntryPoint\",\"urlTemplate\":\"https:\/\/foiegrasbordas.fr\/?s={search_term_string}\"},\"query-input\":{\"@type\":\"PropertyValueSpecification\",\"valueRequired\":true,\"valueName\":\"search_term_string\"}}],\"inLanguage\":\"fr-FR\"}]}<\/script>\n<!-- \/ Yoast SEO plugin. -->","yoast_head_json":{"title":"Truffes bross\u00e9es 1er choix - Maison Bordas","description":"Retrouvez nos Truffes bross\u00e9es 1er choix : produit du terroir et sp\u00e9cialit\u00e9 de la Maison Bordas, Disponible en boucherie ou en vente en ligne.","robots":{"index":"index","follow":"follow","max-snippet":"max-snippet:-1","max-image-preview":"max-image-preview:large","max-video-preview":"max-video-preview:-1"},"canonical":"https:\/\/foiegrasbordas.fr\/index.php\/produit\/truffes-brossees-1er-choix\/","og_locale":"fr_FR","og_type":"article","og_title":"Truffes bross\u00e9es 1er choix - Maison Bordas","og_description":"Retrouvez nos Truffes bross\u00e9es 1er choix : produit du terroir et sp\u00e9cialit\u00e9 de la Maison Bordas, Disponible en boucherie ou en vente en ligne.","og_url":"https:\/\/foiegrasbordas.fr\/index.php\/produit\/truffes-brossees-1er-choix\/","og_site_name":"Maison Bordas","article_modified_time":"2025-11-05T09:37:32+00:00","og_image":[{"width":424,"height":259,"url":"https:\/\/foiegrasbordas.fr\/wp-content\/uploads\/2022\/05\/product_truffebrosse.png","type":"image\/png"}],"twitter_card":"summary_large_image","twitter_misc":{"Dur\u00e9e de lecture estim\u00e9e":"1 minute"},"schema":{"@context":"https:\/\/schema.org","@graph":[{"@type":"WebPage","@id":"https:\/\/foiegrasbordas.fr\/index.php\/produit\/truffes-brossees-1er-choix\/","url":"https:\/\/foiegrasbordas.fr\/index.php\/produit\/truffes-brossees-1er-choix\/","name":"Truffes bross\u00e9es 1er choix - Maison Bordas","isPartOf":{"@id":"https:\/\/foiegrasbordas.fr\/#website"},"primaryImageOfPage":{"@id":"https:\/\/foiegrasbordas.fr\/index.php\/produit\/truffes-brossees-1er-choix\/#primaryimage"},"image":{"@id":"https:\/\/foiegrasbordas.fr\/index.php\/produit\/truffes-brossees-1er-choix\/#primaryimage"},"thumbnailUrl":"https:\/\/foiegrasbordas.fr\/wp-content\/uploads\/2022\/05\/product_truffebrosse.png","datePublished":"2022-05-03T12:30:27+00:00","dateModified":"2025-11-05T09:37:32+00:00","description":"Retrouvez nos Truffes bross\u00e9es 1er choix : produit du terroir et sp\u00e9cialit\u00e9 de la Maison Bordas, Disponible en boucherie ou en vente en ligne.","breadcrumb":{"@id":"https:\/\/foiegrasbordas.fr\/index.php\/produit\/truffes-brossees-1er-choix\/#breadcrumb"},"inLanguage":"fr-FR","potentialAction":[{"@type":"ReadAction","target":["https:\/\/foiegrasbordas.fr\/index.php\/produit\/truffes-brossees-1er-choix\/"]}]},{"@type":"ImageObject","inLanguage":"fr-FR","@id":"https:\/\/foiegrasbordas.fr\/index.php\/produit\/truffes-brossees-1er-choix\/#primaryimage","url":"https:\/\/foiegrasbordas.fr\/wp-content\/uploads\/2022\/05\/product_truffebrosse.png","contentUrl":"https:\/\/foiegrasbordas.fr\/wp-content\/uploads\/2022\/05\/product_truffebrosse.png","width":424,"height":259,"caption":"Photo Truffes Bross\u00e9es"},{"@type":"BreadcrumbList","@id":"https:\/\/foiegrasbordas.fr\/index.php\/produit\/truffes-brossees-1er-choix\/#breadcrumb","itemListElement":[{"@type":"ListItem","position":1,"name":"Accueil","item":"https:\/\/foiegrasbordas.fr\/"},{"@type":"ListItem","position":2,"name":"Boutique","item":"https:\/\/foiegrasbordas.fr\/index.php\/boutique-produits-du-terroir\/"},{"@type":"ListItem","position":3,"name":"Truffes bross\u00e9es 1er choix"}]},{"@type":"WebSite","@id":"https:\/\/foiegrasbordas.fr\/#website","url":"https:\/\/foiegrasbordas.fr\/","name":"Maison Bordas","description":"","potentialAction":[{"@type":"SearchAction","target":{"@type":"EntryPoint","urlTemplate":"https:\/\/foiegrasbordas.fr\/?s={search_term_string}"},"query-input":{"@type":"PropertyValueSpecification","valueRequired":true,"valueName":"search_term_string"}}],"inLanguage":"fr-FR"}]}},"jetpack_sharing_enabled":true,"_links":{"self":[{"href":"https:\/\/foiegrasbordas.fr\/index.php\/wp-json\/wp\/v2\/product\/420","targetHints":{"allow":["GET"]}}],"collection":[{"href":"https:\/\/foiegrasbordas.fr\/index.php\/wp-json\/wp\/v2\/product"}],"about":[{"href":"https:\/\/foiegrasbordas.fr\/index.php\/wp-json\/wp\/v2\/types\/product"}],"replies":[{"embeddable":true,"href":"https:\/\/foiegrasbordas.fr\/index.php\/wp-json\/wp\/v2\/comments?post=420"}],"version-history":[{"count":3,"href":"https:\/\/foiegrasbordas.fr\/index.php\/wp-json\/wp\/v2\/product\/420\/revisions"}],"predecessor-version":[{"id":891,"href":"https:\/\/foiegrasbordas.fr\/index.php\/wp-json\/wp\/v2\/product\/420\/revisions\/891"}],"wp:featuredmedia":[{"embeddable":true,"href":"https:\/\/foiegrasbordas.fr\/index.php\/wp-json\/wp\/v2\/media\/683"}],"wp:attachment":[{"href":"https:\/\/foiegrasbordas.fr\/index.php\/wp-json\/wp\/v2\/media?parent=420"}],"wp:term":[{"taxonomy":"product_cat","embeddable":true,"href":"https:\/\/foiegrasbordas.fr\/index.php\/wp-json\/wp\/v2\/product_cat?post=420"},{"taxonomy":"product_tag","embeddable":true,"href":"https:\/\/foiegrasbordas.fr\/index.php\/wp-json\/wp\/v2\/product_tag?post=420"}],"curies":[{"name":"wp","href":"https:\/\/api.w.org\/{rel}","templated":true}]}}